{"id":378,"date":"2025-03-05T11:15:37","date_gmt":"2025-03-05T10:15:37","guid":{"rendered":"http:\/\/31.31.73.222\/slunecnyapartmanlosiny_com\/photo-gallery\/"},"modified":"2025-04-08T09:13:46","modified_gmt":"2025-04-08T07:13:46","slug":"photo-gallery","status":"publish","type":"page","link":"https:\/\/slunecnyapartmanlosiny.com\/en\/photo-gallery\/","title":{"rendered":"Photo gallery"},"content":{"rendered":"\n<figure class=\"wp-block-embed is-type-rich is-provider-embed-handler wp-block-embed-embed-handler wp-embed-aspect-16-9 wp-has-aspect-ratio\"><div class=\"wp-block-embed__wrapper\">\n<iframe loading=\"lazy\" title=\"Slune\u010dn\u00fd apartm\u00e1n 1\" width=\"750\" height=\"422\" src=\"https:\/\/www.youtube.com\/embed\/G61W4eZ88tQ?feature=oembed\" frameborder=\"0\" allow=\"accelerometer; autoplay; clipboard-write; encrypted-media; gyroscope; picture-in-picture; web-share\" referrerpolicy=\"strict-origin-when-cross-origin\" allowfullscreen><\/iframe>\n<\/div><\/figure>\n\n\n\n<figure class=\"wp-block-gallery alignwide has-nested-images columns-default is-cropped wp-block-gallery-1 is-layout-flex wp-block-gallery-is-layout-flex\">\n<figure class=\"wp-block-image size-large\"><a href=\"https:\/\/slunecnyapartmanlosiny.com\/wp-content\/uploads\/2025\/03\/IMG-20240331-WA0024-2.webp\"><img loading=\"lazy\" decoding=\"async\" width=\"905\" height=\"1024\" data-id=\"207\" src=\"https:\/\/slunecnyapartmanlosiny.com\/wp-content\/uploads\/2025\/03\/IMG-20240331-WA0024-2-905x1024.webp\" alt=\"\" class=\"wp-image-207\" srcset=\"https:\/\/slunecnyapartmanlosiny.com\/wp-content\/uploads\/2025\/03\/IMG-20240331-WA0024-2-905x1024.webp 905w, https:\/\/slunecnyapartmanlosiny.com\/wp-content\/uploads\/2025\/03\/IMG-20240331-WA0024-2-265x300.webp 265w, https:\/\/slunecnyapartmanlosiny.com\/wp-content\/uploads\/2025\/03\/IMG-20240331-WA0024-2-768x869.webp 768w, https:\/\/slunecnyapartmanlosiny.com\/wp-content\/uploads\/2025\/03\/IMG-20240331-WA0024-2-1357x1536.webp 1357w, https:\/\/slunecnyapartmanlosiny.com\/wp-content\/uploads\/2025\/03\/IMG-20240331-WA0024-2.webp 1414w\" sizes=\"auto, (max-width: 905px) 100vw, 905px\" \/><\/a><\/figure>\n\n\n\n<figure class=\"wp-block-image size-large\"><a href=\"https:\/\/slunecnyapartmanlosiny.com\/wp-content\/uploads\/2025\/03\/Instagram-Story-Template-1.webp\"><img loading=\"lazy\" decoding=\"async\" width=\"576\" height=\"1024\" data-id=\"204\" src=\"https:\/\/slunecnyapartmanlosiny.com\/wp-content\/uploads\/2025\/03\/Instagram-Story-Template-1-576x1024.webp\" alt=\"\" class=\"wp-image-204\" srcset=\"https:\/\/slunecnyapartmanlosiny.com\/wp-content\/uploads\/2025\/03\/Instagram-Story-Template-1-576x1024.webp 576w, https:\/\/slunecnyapartmanlosiny.com\/wp-content\/uploads\/2025\/03\/Instagram-Story-Template-1-169x300.webp 169w, https:\/\/slunecnyapartmanlosiny.com\/wp-content\/uploads\/2025\/03\/Instagram-Story-Template-1-768x1365.webp 768w, https:\/\/slunecnyapartmanlosiny.com\/wp-content\/uploads\/2025\/03\/Instagram-Story-Template-1-864x1536.webp 864w, https:\/\/slunecnyapartmanlosiny.com\/wp-content\/uploads\/2025\/03\/Instagram-Story-Template-1.webp 1080w\" sizes=\"auto, (max-width: 576px) 100vw, 576px\" \/><\/a><\/figure>\n\n\n\n<figure class=\"wp-block-image size-large\"><a href=\"https:\/\/slunecnyapartmanlosiny.com\/wp-content\/uploads\/2025\/03\/IMG-20240331-WA0017.webp\"><img loading=\"lazy\" decoding=\"async\" width=\"768\" height=\"1024\" data-id=\"201\" src=\"https:\/\/slunecnyapartmanlosiny.com\/wp-content\/uploads\/2025\/03\/IMG-20240331-WA0017-768x1024.webp\" alt=\"\" class=\"wp-image-201\" srcset=\"https:\/\/slunecnyapartmanlosiny.com\/wp-content\/uploads\/2025\/03\/IMG-20240331-WA0017-768x1024.webp 768w, https:\/\/slunecnyapartmanlosiny.com\/wp-content\/uploads\/2025\/03\/IMG-20240331-WA0017-225x300.webp 225w, https:\/\/slunecnyapartmanlosiny.com\/wp-content\/uploads\/2025\/03\/IMG-20240331-WA0017-1152x1536.webp 1152w, https:\/\/slunecnyapartmanlosiny.com\/wp-content\/uploads\/2025\/03\/IMG-20240331-WA0017.webp 1200w\" sizes=\"auto, (max-width: 768px) 100vw, 768px\" \/><\/a><\/figure>\n\n\n\n<figure class=\"wp-block-image size-large\"><a href=\"https:\/\/slunecnyapartmanlosiny.com\/wp-content\/uploads\/2025\/03\/IMG-20240331-WA0023.webp\"><img loading=\"lazy\" decoding=\"async\" width=\"768\" height=\"1024\" data-id=\"198\" src=\"https:\/\/slunecnyapartmanlosiny.com\/wp-content\/uploads\/2025\/03\/IMG-20240331-WA0023-768x1024.webp\" alt=\"\" class=\"wp-image-198\" srcset=\"https:\/\/slunecnyapartmanlosiny.com\/wp-content\/uploads\/2025\/03\/IMG-20240331-WA0023-768x1024.webp 768w, https:\/\/slunecnyapartmanlosiny.com\/wp-content\/uploads\/2025\/03\/IMG-20240331-WA0023-225x300.webp 225w, https:\/\/slunecnyapartmanlosiny.com\/wp-content\/uploads\/2025\/03\/IMG-20240331-WA0023-1152x1536.webp 1152w, https:\/\/slunecnyapartmanlosiny.com\/wp-content\/uploads\/2025\/03\/IMG-20240331-WA0023.webp 1200w\" sizes=\"auto, (max-width: 768px) 100vw, 768px\" \/><\/a><\/figure>\n\n\n\n<figure class=\"wp-block-image size-large\"><a href=\"https:\/\/slunecnyapartmanlosiny.com\/wp-content\/uploads\/2025\/03\/IMG-20240331-WA0035.webp\"><img loading=\"lazy\" decoding=\"async\" width=\"768\" height=\"1024\" data-id=\"195\" src=\"https:\/\/slunecnyapartmanlosiny.com\/wp-content\/uploads\/2025\/03\/IMG-20240331-WA0035-768x1024.webp\" alt=\"\" class=\"wp-image-195\" srcset=\"https:\/\/slunecnyapartmanlosiny.com\/wp-content\/uploads\/2025\/03\/IMG-20240331-WA0035-768x1024.webp 768w, https:\/\/slunecnyapartmanlosiny.com\/wp-content\/uploads\/2025\/03\/IMG-20240331-WA0035-225x300.webp 225w, https:\/\/slunecnyapartmanlosiny.com\/wp-content\/uploads\/2025\/03\/IMG-20240331-WA0035-1152x1536.webp 1152w, https:\/\/slunecnyapartmanlosiny.com\/wp-content\/uploads\/2025\/03\/IMG-20240331-WA0035.webp 1200w\" sizes=\"auto, (max-width: 768px) 100vw, 768px\" \/><\/a><\/figure>\n\n\n\n<figure class=\"wp-block-image size-large\"><a href=\"https:\/\/slunecnyapartmanlosiny.com\/wp-content\/uploads\/2025\/03\/IMG-20240331-WA0022-5.webp\"><img loading=\"lazy\" decoding=\"async\" width=\"1024\" height=\"768\" data-id=\"192\" src=\"https:\/\/slunecnyapartmanlosiny.com\/wp-content\/uploads\/2025\/03\/IMG-20240331-WA0022-5-1024x768.webp\" alt=\"\" class=\"wp-image-192\" srcset=\"https:\/\/slunecnyapartmanlosiny.com\/wp-content\/uploads\/2025\/03\/IMG-20240331-WA0022-5-1024x768.webp 1024w, https:\/\/slunecnyapartmanlosiny.com\/wp-content\/uploads\/2025\/03\/IMG-20240331-WA0022-5-300x225.webp 300w, https:\/\/slunecnyapartmanlosiny.com\/wp-content\/uploads\/2025\/03\/IMG-20240331-WA0022-5-768x576.webp 768w, https:\/\/slunecnyapartmanlosiny.com\/wp-content\/uploads\/2025\/03\/IMG-20240331-WA0022-5-1536x1152.webp 1536w, https:\/\/slunecnyapartmanlosiny.com\/wp-content\/uploads\/2025\/03\/IMG-20240331-WA0022-5-1568x1176.webp 1568w, https:\/\/slunecnyapartmanlosiny.com\/wp-content\/uploads\/2025\/03\/IMG-20240331-WA0022-5.webp 1600w\" sizes=\"auto, (max-width: 1024px) 100vw, 1024px\" \/><\/a><\/figure>\n\n\n\n<figure class=\"wp-block-image size-large\"><a href=\"https:\/\/slunecnyapartmanlosiny.com\/wp-content\/uploads\/2025\/03\/IMG-20240331-WA0036.webp\"><img loading=\"lazy\" decoding=\"async\" width=\"1024\" height=\"768\" data-id=\"189\" src=\"https:\/\/slunecnyapartmanlosiny.com\/wp-content\/uploads\/2025\/03\/IMG-20240331-WA0036-1024x768.webp\" alt=\"\" class=\"wp-image-189\" srcset=\"https:\/\/slunecnyapartmanlosiny.com\/wp-content\/uploads\/2025\/03\/IMG-20240331-WA0036-1024x768.webp 1024w, https:\/\/slunecnyapartmanlosiny.com\/wp-content\/uploads\/2025\/03\/IMG-20240331-WA0036-300x225.webp 300w, https:\/\/slunecnyapartmanlosiny.com\/wp-content\/uploads\/2025\/03\/IMG-20240331-WA0036-768x576.webp 768w, https:\/\/slunecnyapartmanlosiny.com\/wp-content\/uploads\/2025\/03\/IMG-20240331-WA0036-1536x1152.webp 1536w, https:\/\/slunecnyapartmanlosiny.com\/wp-content\/uploads\/2025\/03\/IMG-20240331-WA0036-1568x1176.webp 1568w, https:\/\/slunecnyapartmanlosiny.com\/wp-content\/uploads\/2025\/03\/IMG-20240331-WA0036.webp 1600w\" sizes=\"auto, (max-width: 1024px) 100vw, 1024px\" \/><\/a><\/figure>\n\n\n\n<figure class=\"wp-block-image size-large\"><a href=\"https:\/\/slunecnyapartmanlosiny.com\/wp-content\/uploads\/2025\/03\/IMG-20240331-WA0016.webp\"><img loading=\"lazy\" decoding=\"async\" width=\"1024\" height=\"965\" data-id=\"186\" src=\"https:\/\/slunecnyapartmanlosiny.com\/wp-content\/uploads\/2025\/03\/IMG-20240331-WA0016-1024x965.webp\" alt=\"\" class=\"wp-image-186\" srcset=\"https:\/\/slunecnyapartmanlosiny.com\/wp-content\/uploads\/2025\/03\/IMG-20240331-WA0016-1024x965.webp 1024w, https:\/\/slunecnyapartmanlosiny.com\/wp-content\/uploads\/2025\/03\/IMG-20240331-WA0016-300x283.webp 300w, https:\/\/slunecnyapartmanlosiny.com\/wp-content\/uploads\/2025\/03\/IMG-20240331-WA0016-768x724.webp 768w, https:\/\/slunecnyapartmanlosiny.com\/wp-content\/uploads\/2025\/03\/IMG-20240331-WA0016-1536x1448.webp 1536w, https:\/\/slunecnyapartmanlosiny.com\/wp-content\/uploads\/2025\/03\/IMG-20240331-WA0016-1568x1478.webp 1568w, https:\/\/slunecnyapartmanlosiny.com\/wp-content\/uploads\/2025\/03\/IMG-20240331-WA0016.webp 1600w\" sizes=\"auto, (max-width: 1024px) 100vw, 1024px\" \/><\/a><\/figure>\n\n\n\n<figure class=\"wp-block-image size-large\"><a href=\"https:\/\/slunecnyapartmanlosiny.com\/wp-content\/uploads\/2025\/03\/IMG-20240331-WA0025.webp\"><img loading=\"lazy\" decoding=\"async\" width=\"768\" height=\"1024\" data-id=\"183\" src=\"https:\/\/slunecnyapartmanlosiny.com\/wp-content\/uploads\/2025\/03\/IMG-20240331-WA0025-768x1024.webp\" alt=\"\" class=\"wp-image-183\" srcset=\"https:\/\/slunecnyapartmanlosiny.com\/wp-content\/uploads\/2025\/03\/IMG-20240331-WA0025-768x1024.webp 768w, https:\/\/slunecnyapartmanlosiny.com\/wp-content\/uploads\/2025\/03\/IMG-20240331-WA0025-225x300.webp 225w, https:\/\/slunecnyapartmanlosiny.com\/wp-content\/uploads\/2025\/03\/IMG-20240331-WA0025-1152x1536.webp 1152w, https:\/\/slunecnyapartmanlosiny.com\/wp-content\/uploads\/2025\/03\/IMG-20240331-WA0025.webp 1200w\" sizes=\"auto, (max-width: 768px) 100vw, 768px\" \/><\/a><\/figure>\n\n\n\n<figure class=\"wp-block-image size-large\"><a href=\"https:\/\/slunecnyapartmanlosiny.com\/wp-content\/uploads\/2025\/03\/IMG-20240331-WA0028.webp\"><img loading=\"lazy\" decoding=\"async\" width=\"1024\" height=\"768\" data-id=\"180\" src=\"https:\/\/slunecnyapartmanlosiny.com\/wp-content\/uploads\/2025\/03\/IMG-20240331-WA0028-1024x768.webp\" alt=\"\" class=\"wp-image-180\" srcset=\"https:\/\/slunecnyapartmanlosiny.com\/wp-content\/uploads\/2025\/03\/IMG-20240331-WA0028-1024x768.webp 1024w, https:\/\/slunecnyapartmanlosiny.com\/wp-content\/uploads\/2025\/03\/IMG-20240331-WA0028-300x225.webp 300w, https:\/\/slunecnyapartmanlosiny.com\/wp-content\/uploads\/2025\/03\/IMG-20240331-WA0028-768x576.webp 768w, https:\/\/slunecnyapartmanlosiny.com\/wp-content\/uploads\/2025\/03\/IMG-20240331-WA0028-1536x1152.webp 1536w, https:\/\/slunecnyapartmanlosiny.com\/wp-content\/uploads\/2025\/03\/IMG-20240331-WA0028-1568x1176.webp 1568w, https:\/\/slunecnyapartmanlosiny.com\/wp-content\/uploads\/2025\/03\/IMG-20240331-WA0028.webp 1600w\" sizes=\"auto, (max-width: 1024px) 100vw, 1024px\" \/><\/a><\/figure>\n\n\n\n<figure class=\"wp-block-image size-large\"><a href=\"https:\/\/slunecnyapartmanlosiny.com\/wp-content\/uploads\/2025\/03\/IMG-20240331-WA0030.webp\"><img loading=\"lazy\" decoding=\"async\" width=\"1024\" height=\"768\" data-id=\"177\" src=\"https:\/\/slunecnyapartmanlosiny.com\/wp-content\/uploads\/2025\/03\/IMG-20240331-WA0030-1024x768.webp\" alt=\"\" class=\"wp-image-177\" srcset=\"https:\/\/slunecnyapartmanlosiny.com\/wp-content\/uploads\/2025\/03\/IMG-20240331-WA0030-1024x768.webp 1024w, https:\/\/slunecnyapartmanlosiny.com\/wp-content\/uploads\/2025\/03\/IMG-20240331-WA0030-300x225.webp 300w, https:\/\/slunecnyapartmanlosiny.com\/wp-content\/uploads\/2025\/03\/IMG-20240331-WA0030-768x576.webp 768w, https:\/\/slunecnyapartmanlosiny.com\/wp-content\/uploads\/2025\/03\/IMG-20240331-WA0030-1536x1152.webp 1536w, https:\/\/slunecnyapartmanlosiny.com\/wp-content\/uploads\/2025\/03\/IMG-20240331-WA0030-1568x1176.webp 1568w, https:\/\/slunecnyapartmanlosiny.com\/wp-content\/uploads\/2025\/03\/IMG-20240331-WA0030.webp 1600w\" sizes=\"auto, (max-width: 1024px) 100vw, 1024px\" \/><\/a><\/figure>\n\n\n\n<figure class=\"wp-block-image size-large\"><a href=\"https:\/\/slunecnyapartmanlosiny.com\/wp-content\/uploads\/2025\/03\/IMG-20240331-WA0011.webp\"><img loading=\"lazy\" decoding=\"async\" width=\"768\" height=\"1024\" data-id=\"174\" src=\"https:\/\/slunecnyapartmanlosiny.com\/wp-content\/uploads\/2025\/03\/IMG-20240331-WA0011-768x1024.webp\" alt=\"\" class=\"wp-image-174\" srcset=\"https:\/\/slunecnyapartmanlosiny.com\/wp-content\/uploads\/2025\/03\/IMG-20240331-WA0011-768x1024.webp 768w, https:\/\/slunecnyapartmanlosiny.com\/wp-content\/uploads\/2025\/03\/IMG-20240331-WA0011-225x300.webp 225w, https:\/\/slunecnyapartmanlosiny.com\/wp-content\/uploads\/2025\/03\/IMG-20240331-WA0011-1152x1536.webp 1152w, https:\/\/slunecnyapartmanlosiny.com\/wp-content\/uploads\/2025\/03\/IMG-20240331-WA0011.webp 1200w\" sizes=\"auto, (max-width: 768px) 100vw, 768px\" \/><\/a><\/figure>\n\n\n\n<figure class=\"wp-block-image size-large\"><a href=\"https:\/\/slunecnyapartmanlosiny.com\/wp-content\/uploads\/2025\/03\/IMG-20240331-WA0012.webp\"><img loading=\"lazy\" decoding=\"async\" width=\"768\" height=\"1024\" data-id=\"171\" src=\"https:\/\/slunecnyapartmanlosiny.com\/wp-content\/uploads\/2025\/03\/IMG-20240331-WA0012-768x1024.webp\" alt=\"\" class=\"wp-image-171\" srcset=\"https:\/\/slunecnyapartmanlosiny.com\/wp-content\/uploads\/2025\/03\/IMG-20240331-WA0012-768x1024.webp 768w, https:\/\/slunecnyapartmanlosiny.com\/wp-content\/uploads\/2025\/03\/IMG-20240331-WA0012-225x300.webp 225w, https:\/\/slunecnyapartmanlosiny.com\/wp-content\/uploads\/2025\/03\/IMG-20240331-WA0012-1152x1536.webp 1152w, https:\/\/slunecnyapartmanlosiny.com\/wp-content\/uploads\/2025\/03\/IMG-20240331-WA0012.webp 1200w\" sizes=\"auto, (max-width: 768px) 100vw, 768px\" \/><\/a><\/figure>\n\n\n\n<figure class=\"wp-block-image size-large\"><a href=\"https:\/\/slunecnyapartmanlosiny.com\/wp-content\/uploads\/2025\/03\/IMG-20240331-WA0007.webp\"><img loading=\"lazy\" decoding=\"async\" width=\"819\" height=\"1024\" data-id=\"168\" src=\"https:\/\/slunecnyapartmanlosiny.com\/wp-content\/uploads\/2025\/03\/IMG-20240331-WA0007-819x1024.webp\" alt=\"\" class=\"wp-image-168\" srcset=\"https:\/\/slunecnyapartmanlosiny.com\/wp-content\/uploads\/2025\/03\/IMG-20240331-WA0007-819x1024.webp 819w, https:\/\/slunecnyapartmanlosiny.com\/wp-content\/uploads\/2025\/03\/IMG-20240331-WA0007-240x300.webp 240w, https:\/\/slunecnyapartmanlosiny.com\/wp-content\/uploads\/2025\/03\/IMG-20240331-WA0007-768x960.webp 768w, https:\/\/slunecnyapartmanlosiny.com\/wp-content\/uploads\/2025\/03\/IMG-20240331-WA0007-1229x1536.webp 1229w, https:\/\/slunecnyapartmanlosiny.com\/wp-content\/uploads\/2025\/03\/IMG-20240331-WA0007.webp 1280w\" sizes=\"auto, (max-width: 819px) 100vw, 819px\" \/><\/a><\/figure>\n\n\n\n<figure class=\"wp-block-image size-large\"><a href=\"https:\/\/slunecnyapartmanlosiny.com\/wp-content\/uploads\/2025\/03\/IMG-20240331-WA0009.webp\"><img loading=\"lazy\" decoding=\"async\" width=\"1024\" height=\"768\" data-id=\"162\" src=\"https:\/\/slunecnyapartmanlosiny.com\/wp-content\/uploads\/2025\/03\/IMG-20240331-WA0009-1024x768.webp\" alt=\"\" class=\"wp-image-162\" srcset=\"https:\/\/slunecnyapartmanlosiny.com\/wp-content\/uploads\/2025\/03\/IMG-20240331-WA0009-1024x768.webp 1024w, https:\/\/slunecnyapartmanlosiny.com\/wp-content\/uploads\/2025\/03\/IMG-20240331-WA0009-300x225.webp 300w, https:\/\/slunecnyapartmanlosiny.com\/wp-content\/uploads\/2025\/03\/IMG-20240331-WA0009-768x576.webp 768w, https:\/\/slunecnyapartmanlosiny.com\/wp-content\/uploads\/2025\/03\/IMG-20240331-WA0009-1536x1152.webp 1536w, https:\/\/slunecnyapartmanlosiny.com\/wp-content\/uploads\/2025\/03\/IMG-20240331-WA0009-1568x1176.webp 1568w, https:\/\/slunecnyapartmanlosiny.com\/wp-content\/uploads\/2025\/03\/IMG-20240331-WA0009.webp 1600w\" sizes=\"auto, (max-width: 1024px) 100vw, 1024px\" \/><\/a><\/figure>\n\n\n\n<figure class=\"wp-block-image size-large\"><a href=\"https:\/\/slunecnyapartmanlosiny.com\/wp-content\/uploads\/2025\/03\/Zahrada5.webp\"><img loading=\"lazy\" decoding=\"async\" width=\"768\" height=\"1024\" data-id=\"165\" src=\"https:\/\/slunecnyapartmanlosiny.com\/wp-content\/uploads\/2025\/03\/Zahrada5-768x1024.webp\" alt=\"\" class=\"wp-image-165\" srcset=\"https:\/\/slunecnyapartmanlosiny.com\/wp-content\/uploads\/2025\/03\/Zahrada5-768x1024.webp 768w, https:\/\/slunecnyapartmanlosiny.com\/wp-content\/uploads\/2025\/03\/Zahrada5-225x300.webp 225w, https:\/\/slunecnyapartmanlosiny.com\/wp-content\/uploads\/2025\/03\/Zahrada5-1152x1536.webp 1152w, https:\/\/slunecnyapartmanlosiny.com\/wp-content\/uploads\/2025\/03\/Zahrada5.webp 1440w\" sizes=\"auto, (max-width: 768px) 100vw, 768px\" \/><\/a><\/figure>\n\n\n\n<figure class=\"wp-block-image size-large\"><a href=\"https:\/\/slunecnyapartmanlosiny.com\/wp-content\/uploads\/2025\/03\/IMG-20240331-WA0010.webp\"><img loading=\"lazy\" decoding=\"async\" width=\"768\" height=\"1024\" data-id=\"159\" src=\"https:\/\/slunecnyapartmanlosiny.com\/wp-content\/uploads\/2025\/03\/IMG-20240331-WA0010-768x1024.webp\" alt=\"\" class=\"wp-image-159\" srcset=\"https:\/\/slunecnyapartmanlosiny.com\/wp-content\/uploads\/2025\/03\/IMG-20240331-WA0010-768x1024.webp 768w, https:\/\/slunecnyapartmanlosiny.com\/wp-content\/uploads\/2025\/03\/IMG-20240331-WA0010-225x300.webp 225w, https:\/\/slunecnyapartmanlosiny.com\/wp-content\/uploads\/2025\/03\/IMG-20240331-WA0010-1152x1536.webp 1152w, https:\/\/slunecnyapartmanlosiny.com\/wp-content\/uploads\/2025\/03\/IMG-20240331-WA0010.webp 1200w\" sizes=\"auto, (max-width: 768px) 100vw, 768px\" \/><\/a><\/figure>\n\n\n\n<figure class=\"wp-block-image size-large\"><a href=\"https:\/\/slunecnyapartmanlosiny.com\/wp-content\/uploads\/2025\/03\/Zahrada4.webp\"><img loading=\"lazy\" decoding=\"async\" width=\"768\" height=\"1024\" data-id=\"156\" src=\"https:\/\/slunecnyapartmanlosiny.com\/wp-content\/uploads\/2025\/03\/Zahrada4-768x1024.webp\" alt=\"\" class=\"wp-image-156\" srcset=\"https:\/\/slunecnyapartmanlosiny.com\/wp-content\/uploads\/2025\/03\/Zahrada4-768x1024.webp 768w, https:\/\/slunecnyapartmanlosiny.com\/wp-content\/uploads\/2025\/03\/Zahrada4-225x300.webp 225w, https:\/\/slunecnyapartmanlosiny.com\/wp-content\/uploads\/2025\/03\/Zahrada4-1152x1536.webp 1152w, https:\/\/slunecnyapartmanlosiny.com\/wp-content\/uploads\/2025\/03\/Zahrada4.webp 1440w\" sizes=\"auto, (max-width: 768px) 100vw, 768px\" \/><\/a><\/figure>\n\n\n\n<figure class=\"wp-block-image size-large\"><a href=\"https:\/\/slunecnyapartmanlosiny.com\/wp-content\/uploads\/2025\/03\/recenze6.webp\"><img loading=\"lazy\" decoding=\"async\" width=\"768\" height=\"1024\" data-id=\"153\" src=\"https:\/\/slunecnyapartmanlosiny.com\/wp-content\/uploads\/2025\/03\/recenze6-768x1024.webp\" alt=\"\" class=\"wp-image-153\" srcset=\"https:\/\/slunecnyapartmanlosiny.com\/wp-content\/uploads\/2025\/03\/recenze6-768x1024.webp 768w, https:\/\/slunecnyapartmanlosiny.com\/wp-content\/uploads\/2025\/03\/recenze6-225x300.webp 225w, https:\/\/slunecnyapartmanlosiny.com\/wp-content\/uploads\/2025\/03\/recenze6-1152x1536.webp 1152w, https:\/\/slunecnyapartmanlosiny.com\/wp-content\/uploads\/2025\/03\/recenze6.webp 1200w\" sizes=\"auto, (max-width: 768px) 100vw, 768px\" \/><\/a><\/figure>\n\n\n\n<figure class=\"wp-block-image size-large\"><a href=\"https:\/\/slunecnyapartmanlosiny.com\/wp-content\/uploads\/2025\/03\/Recenze5.webp\"><img loading=\"lazy\" decoding=\"async\" width=\"429\" height=\"334\" data-id=\"150\" src=\"https:\/\/slunecnyapartmanlosiny.com\/wp-content\/uploads\/2025\/03\/Recenze5.webp\" alt=\"\" class=\"wp-image-150\" srcset=\"https:\/\/slunecnyapartmanlosiny.com\/wp-content\/uploads\/2025\/03\/Recenze5.webp 429w, https:\/\/slunecnyapartmanlosiny.com\/wp-content\/uploads\/2025\/03\/Recenze5-300x234.webp 300w\" sizes=\"auto, (max-width: 429px) 100vw, 429px\" \/><\/a><\/figure>\n\n\n\n<figure class=\"wp-block-image size-large\"><a href=\"https:\/\/slunecnyapartmanlosiny.com\/wp-content\/uploads\/2025\/03\/Recenze2.webp\"><img loading=\"lazy\" decoding=\"async\" width=\"757\" height=\"332\" data-id=\"141\" src=\"https:\/\/slunecnyapartmanlosiny.com\/wp-content\/uploads\/2025\/03\/Recenze2.webp\" alt=\"\" class=\"wp-image-141\" srcset=\"https:\/\/slunecnyapartmanlosiny.com\/wp-content\/uploads\/2025\/03\/Recenze2.webp 757w, https:\/\/slunecnyapartmanlosiny.com\/wp-content\/uploads\/2025\/03\/Recenze2-300x132.webp 300w\" sizes=\"auto, (max-width: 757px) 100vw, 757px\" \/><\/a><\/figure>\n\n\n\n<figure class=\"wp-block-image size-large\"><a href=\"https:\/\/slunecnyapartmanlosiny.com\/wp-content\/uploads\/2025\/03\/voucher.webp\"><img loading=\"lazy\" decoding=\"async\" width=\"699\" height=\"497\" data-id=\"144\" src=\"https:\/\/slunecnyapartmanlosiny.com\/wp-content\/uploads\/2025\/03\/voucher.webp\" alt=\"\" class=\"wp-image-144\" srcset=\"https:\/\/slunecnyapartmanlosiny.com\/wp-content\/uploads\/2025\/03\/voucher.webp 699w, https:\/\/slunecnyapartmanlosiny.com\/wp-content\/uploads\/2025\/03\/voucher-300x213.webp 300w\" sizes=\"auto, (max-width: 699px) 100vw, 699px\" \/><\/a><\/figure>\n\n\n\n<figure class=\"wp-block-image size-large\"><a href=\"https:\/\/slunecnyapartmanlosiny.com\/wp-content\/uploads\/2025\/03\/Recenze3.webp\"><img loading=\"lazy\" decoding=\"async\" width=\"767\" height=\"248\" data-id=\"147\" src=\"https:\/\/slunecnyapartmanlosiny.com\/wp-content\/uploads\/2025\/03\/Recenze3.webp\" alt=\"\" class=\"wp-image-147\" srcset=\"https:\/\/slunecnyapartmanlosiny.com\/wp-content\/uploads\/2025\/03\/Recenze3.webp 767w, https:\/\/slunecnyapartmanlosiny.com\/wp-content\/uploads\/2025\/03\/Recenze3-300x97.webp 300w\" sizes=\"auto, (max-width: 767px) 100vw, 767px\" \/><\/a><\/figure>\n\n\n\n<figure class=\"wp-block-image size-large\"><a href=\"https:\/\/slunecnyapartmanlosiny.com\/wp-content\/uploads\/2025\/03\/Digital-Award-TRA-2025.webp\"><img loading=\"lazy\" decoding=\"async\" width=\"1024\" height=\"1024\" data-id=\"138\" src=\"https:\/\/slunecnyapartmanlosiny.com\/wp-content\/uploads\/2025\/03\/Digital-Award-TRA-2025-1024x1024.webp\" alt=\"\" class=\"wp-image-138\" srcset=\"https:\/\/slunecnyapartmanlosiny.com\/wp-content\/uploads\/2025\/03\/Digital-Award-TRA-2025-1024x1024.webp 1024w, https:\/\/slunecnyapartmanlosiny.com\/wp-content\/uploads\/2025\/03\/Digital-Award-TRA-2025-300x300.webp 300w, https:\/\/slunecnyapartmanlosiny.com\/wp-content\/uploads\/2025\/03\/Digital-Award-TRA-2025-150x150.webp 150w, https:\/\/slunecnyapartmanlosiny.com\/wp-content\/uploads\/2025\/03\/Digital-Award-TRA-2025-768x768.webp 768w, https:\/\/slunecnyapartmanlosiny.com\/wp-content\/uploads\/2025\/03\/Digital-Award-TRA-2025.webp 1080w\" sizes=\"auto, (max-width: 1024px) 100vw, 1024px\" \/><\/a><\/figure>\n\n\n\n<figure class=\"wp-block-image size-large\"><a href=\"https:\/\/slunecnyapartmanlosiny.com\/wp-content\/uploads\/2025\/03\/Recenze1.webp\"><img loading=\"lazy\" decoding=\"async\" width=\"770\" height=\"356\" data-id=\"132\" src=\"https:\/\/slunecnyapartmanlosiny.com\/wp-content\/uploads\/2025\/03\/Recenze1.webp\" alt=\"\" class=\"wp-image-132\" srcset=\"https:\/\/slunecnyapartmanlosiny.com\/wp-content\/uploads\/2025\/03\/Recenze1.webp 770w, https:\/\/slunecnyapartmanlosiny.com\/wp-content\/uploads\/2025\/03\/Recenze1-300x139.webp 300w, https:\/\/slunecnyapartmanlosiny.com\/wp-content\/uploads\/2025\/03\/Recenze1-768x355.webp 768w\" sizes=\"auto, (max-width: 770px) 100vw, 770px\" \/><\/a><\/figure>\n\n\n\n<figure class=\"wp-block-image size-large\"><a href=\"https:\/\/slunecnyapartmanlosiny.com\/wp-content\/uploads\/2025\/03\/Recenze4.webp\"><img loading=\"lazy\" decoding=\"async\" width=\"594\" height=\"135\" data-id=\"135\" src=\"https:\/\/slunecnyapartmanlosiny.com\/wp-content\/uploads\/2025\/03\/Recenze4.webp\" alt=\"\" class=\"wp-image-135\" srcset=\"https:\/\/slunecnyapartmanlosiny.com\/wp-content\/uploads\/2025\/03\/Recenze4.webp 594w, https:\/\/slunecnyapartmanlosiny.com\/wp-content\/uploads\/2025\/03\/Recenze4-300x68.webp 300w\" sizes=\"auto, (max-width: 594px) 100vw, 594px\" \/><\/a><\/figure>\n<\/figure>\n","protected":false},"excerpt":{"rendered":"","protected":false},"author":1,"featured_media":0,"parent":0,"menu_order":0,"comment_status":"closed","ping_status":"closed","template":"","meta":{"footnotes":""},"class_list":["post-378","page","type-page","status-publish","hentry","entry"],"_links":{"self":[{"href":"https:\/\/slunecnyapartmanlosiny.com\/en\/wp-json\/wp\/v2\/pages\/378","targetHints":{"allow":["GET"]}}],"collection":[{"href":"https:\/\/slunecnyapartmanlosiny.com\/en\/wp-json\/wp\/v2\/pages"}],"about":[{"href":"https:\/\/slunecnyapartmanlosiny.com\/en\/wp-json\/wp\/v2\/types\/page"}],"author":[{"embeddable":true,"href":"https:\/\/slunecnyapartmanlosiny.com\/en\/wp-json\/wp\/v2\/users\/1"}],"replies":[{"embeddable":true,"href":"https:\/\/slunecnyapartmanlosiny.com\/en\/wp-json\/wp\/v2\/comments?post=378"}],"version-history":[{"count":3,"href":"https:\/\/slunecnyapartmanlosiny.com\/en\/wp-json\/wp\/v2\/pages\/378\/revisions"}],"predecessor-version":[{"id":481,"href":"https:\/\/slunecnyapartmanlosiny.com\/en\/wp-json\/wp\/v2\/pages\/378\/revisions\/481"}],"wp:attachment":[{"href":"https:\/\/slunecnyapartmanlosiny.com\/en\/wp-json\/wp\/v2\/media?parent=378"}],"curies":[{"name":"wp","href":"https:\/\/api.w.org\/{rel}","templated":true}]}}